{"id":244870,"date":"2025-06-12T08:45:28","date_gmt":"2025-06-12T06:45:28","guid":{"rendered":"https:\/\/boats.pruebashadbos.com\/?post_type=product&#038;p=244870"},"modified":"2026-03-15T13:03:42","modified_gmt":"2026-03-15T12:03:42","slug":"faeton","status":"publish","type":"product","link":"https:\/\/morairaboatsadventures.com\/en\/boat\/faeton\/","title":{"rendered":"Faeton"},"content":{"rendered":"<div class=\"et_pb_module et_pb_text et_pb_text_5_tb_body et_pb_text_align_left et_pb_bg_layout_light et_had_animation\">\n<div class=\"et_pb_text_inner\">\n<div class=\"woocommerce et-dynamic-content-woo et-dynamic-content-woo--product_description\">\n<p><strong data-start=\"262\" data-end=\"313\">Faeton Moraga 1040 \u2013 Con patr\u00f3n y todo incluido<\/strong><br data-start=\"313\" data-end=\"316\" \/>Vive una experiencia exclusiva a bordo del <em data-start=\"359\" data-end=\"379\">Faeton Moraga 1040<\/em>, un barco espacioso y c\u00f3modo con capacidad para <strong data-start=\"428\" data-end=\"442\">9 personas<\/strong>. Con <strong data-start=\"448\" data-end=\"470\">patr\u00f3n profesional<\/strong>, no tendr\u00e1s que preocuparte por nada: limpieza, combustible, bebidas, paddle surf y ba\u00f1o est\u00e1n <strong data-start=\"566\" data-end=\"579\">incluidos<\/strong>. Ideal para relajarte con familia o amigos y disfrutar de la costa sin preocupaciones.<\/p>\n<p data-start=\"1859\" data-end=\"1975\"><strong data-start=\"1859\" data-end=\"1887\">Cancellation Policy<\/strong><br data-start=\"1887\" data-end=\"1890\" \/>Las reservas canceladas con menos de 48 horas de antelaci\u00f3n <strong data-start=\"1950\" data-end=\"1974\">no son reembolsables<\/strong>.<\/p>\n<p data-start=\"1977\" data-end=\"2195\"><strong data-start=\"1977\" data-end=\"1992\">Importante:<\/strong><br data-start=\"1992\" data-end=\"1995\" \/>Se ruega <strong data-start=\"2004\" data-end=\"2019\">puntualidad<\/strong>. Es necesario acudir <strong data-start=\"2041\" data-end=\"2061\">15 minutos antes<\/strong> al lugar de salida.<\/p>\n<p data-start=\"2197\" data-end=\"2281\"><strong data-start=\"2197\" data-end=\"2281\">\u00a1Reserva ahora y vive una experiencia n\u00e1utica superior!<\/strong><\/p>\n<\/div>\n<p>&nbsp;<\/p>\n<\/div>\n<\/div>","protected":false},"excerpt":{"rendered":"<p><strong>Tarifa:<\/strong><\/p>\n<p>Pre-reserva:<br \/>\n90\u20ac<\/p>\n<p>10:00h-14:00h:\u00a0 \u00a0 750\u20ac<\/p>\n<p>15:00h-19:00h:\u00a0 \u00a0750\u20ac<\/p>\n<p>Para d\u00edas completos contactar 10:00h-18:00h : 1250\u20ac<\/p>\n<p>Recuerda: <span style=\"color: #ff0000;\">LA RESERVA NO SERA EFECTIVA HASTA\u00a0 QUE SE REALICE EL PAGO.<\/span><\/p>\n<p>&nbsp;<\/p>","protected":false},"featured_media":283816,"comment_status":"closed","ping_status":"closed","template":"","meta":[],"product_brand":[],"product_cat":[46],"product_tag":[],"class_list":{"0":"post-244870","1":"product","2":"type-product","3":"status-publish","4":"has-post-thumbnail","6":"product_cat-alquiler-con-patron","8":"first","9":"instock","10":"shipping-taxable","11":"purchasable","12":"product-type-phive_booking"},"_links":{"self":[{"href":"https:\/\/morairaboatsadventures.com\/en\/wp-json\/wp\/v2\/product\/244870","targetHints":{"allow":["GET"]}}],"collection":[{"href":"https:\/\/morairaboatsadventures.com\/en\/wp-json\/wp\/v2\/product"}],"about":[{"href":"https:\/\/morairaboatsadventures.com\/en\/wp-json\/wp\/v2\/types\/product"}],"replies":[{"embeddable":true,"href":"https:\/\/morairaboatsadventures.com\/en\/wp-json\/wp\/v2\/comments?post=244870"}],"wp:featuredmedia":[{"embeddable":true,"href":"https:\/\/morairaboatsadventures.com\/en\/wp-json\/wp\/v2\/media\/283816"}],"wp:attachment":[{"href":"https:\/\/morairaboatsadventures.com\/en\/wp-json\/wp\/v2\/media?parent=244870"}],"wp:term":[{"taxonomy":"product_brand","embeddable":true,"href":"https:\/\/morairaboatsadventures.com\/en\/wp-json\/wp\/v2\/product_brand?post=244870"},{"taxonomy":"product_cat","embeddable":true,"href":"https:\/\/morairaboatsadventures.com\/en\/wp-json\/wp\/v2\/product_cat?post=244870"},{"taxonomy":"product_tag","embeddable":true,"href":"https:\/\/morairaboatsadventures.com\/en\/wp-json\/wp\/v2\/product_tag?post=244870"}],"curies":[{"name":"wp","href":"https:\/\/api.w.org\/{rel}","templated":true}]}}