{"id":244871,"date":"2025-06-11T14:45:29","date_gmt":"2025-06-11T12:45:29","guid":{"rendered":"https:\/\/boats.pruebashadbos.com\/?post_type=product&#038;p=244871"},"modified":"2026-03-10T11:19:10","modified_gmt":"2026-03-10T10:19:10","slug":"granadella","status":"publish","type":"product","link":"https:\/\/morairaboatsadventures.com\/en\/boat\/granadella\/","title":{"rendered":"Granadella"},"content":{"rendered":"<p data-start=\"254\" data-end=\"706\">Disfruta de Moraira, J\u00e1vea y Calpe, con este barco\u00a0 ideal para quienes cuentan con licencia de navegaci\u00f3n. Con capacidad para <strong data-start=\"446\" data-end=\"460\">8 personas<\/strong>, el <em data-start=\"465\" data-end=\"484\">Aqua 620<\/em> ofrece mayor amplitud y potencia para una experiencia m\u00e1s completa. Equipado con sol\u00e1rium, toldo bimini, altavoces bluetooth, nevera con hielo y mucho m\u00e1s.<\/p>\n<p data-start=\"708\" data-end=\"826\"><strong data-start=\"708\" data-end=\"736\">Cancellation Policy<\/strong><br data-start=\"736\" data-end=\"739\" \/>Cancelaciones realizadas con menos de 48 horas de antelaci\u00f3n <strong data-start=\"800\" data-end=\"825\">no ser\u00e1n reembolsadas<\/strong>.<\/p>\n<p data-start=\"828\" data-end=\"1013\"><strong data-start=\"828\" data-end=\"843\">Importante:<\/strong><br data-start=\"843\" data-end=\"846\" \/>Se ruega <strong data-start=\"855\" data-end=\"870\">puntualidad<\/strong>. Acudir al punto de encuentro <strong data-start=\"901\" data-end=\"930\">al menos 15 minutos antes<\/strong>.<\/p>\n<p data-start=\"828\" data-end=\"1013\"><strong data-start=\"934\" data-end=\"945\">Fianza:<\/strong> Se requiere un dep\u00f3sito de <strong data-start=\"973\" data-end=\"982\">450\u202f\u20ac<\/strong>, reembolsable si no hay da\u00f1os.<\/p>\n<p data-start=\"828\" data-end=\"1013\"><strong>Combustible:<\/strong> No incluido.<\/p>","protected":false},"excerpt":{"rendered":"<p><strong>Tarifa:<\/strong><\/p>\n<p>Pre-reserva: 90\u20ac<\/p>\n<p>09:30h-13:30h:\u00a0 \u00a0 350\u20ac<\/p>\n<p>15:30h-19:30h:\u00a0 \u00a0350\u20ac<\/p>\n<p>Para d\u00edas completos contactar 09:30h-18:00h : 600\u20ac<\/p>\n<p>COMBUSTIBLE NO INCLUIDO<\/p>\n<p>Recuerda: <span style=\"color: #ff0000;\">LA RESERVA NO SERA EFECTIVA HASTA\u00a0 QUE SE REALICE EL PAGO.<\/span><\/p>\n<p>&nbsp;<\/p>","protected":false},"featured_media":269764,"comment_status":"closed","ping_status":"closed","template":"","meta":[],"product_brand":[],"product_cat":[47],"product_tag":[49],"class_list":{"0":"post-244871","1":"product","2":"type-product","3":"status-publish","4":"has-post-thumbnail","6":"product_cat-alquiler-con-licencia","7":"product_tag-aqua-600","9":"first","10":"instock","11":"shipping-taxable","12":"purchasable","13":"product-type-phive_booking"},"_links":{"self":[{"href":"https:\/\/morairaboatsadventures.com\/en\/wp-json\/wp\/v2\/product\/244871","targetHints":{"allow":["GET"]}}],"collection":[{"href":"https:\/\/morairaboatsadventures.com\/en\/wp-json\/wp\/v2\/product"}],"about":[{"href":"https:\/\/morairaboatsadventures.com\/en\/wp-json\/wp\/v2\/types\/product"}],"replies":[{"embeddable":true,"href":"https:\/\/morairaboatsadventures.com\/en\/wp-json\/wp\/v2\/comments?post=244871"}],"wp:featuredmedia":[{"embeddable":true,"href":"https:\/\/morairaboatsadventures.com\/en\/wp-json\/wp\/v2\/media\/269764"}],"wp:attachment":[{"href":"https:\/\/morairaboatsadventures.com\/en\/wp-json\/wp\/v2\/media?parent=244871"}],"wp:term":[{"taxonomy":"product_brand","embeddable":true,"href":"https:\/\/morairaboatsadventures.com\/en\/wp-json\/wp\/v2\/product_brand?post=244871"},{"taxonomy":"product_cat","embeddable":true,"href":"https:\/\/morairaboatsadventures.com\/en\/wp-json\/wp\/v2\/product_cat?post=244871"},{"taxonomy":"product_tag","embeddable":true,"href":"https:\/\/morairaboatsadventures.com\/en\/wp-json\/wp\/v2\/product_tag?post=244871"}],"curies":[{"name":"wp","href":"https:\/\/api.w.org\/{rel}","templated":true}]}}