{"id":269377,"date":"2026-04-10T09:00:01","date_gmt":"2026-04-10T07:00:01","guid":{"rendered":"https:\/\/morairaboatsadventures.com\/?post_type=product&#038;p=269377"},"modified":"2026-04-10T12:58:10","modified_gmt":"2026-04-10T10:58:10","slug":"nautilus","status":"publish","type":"product","link":"https:\/\/morairaboatsadventures.com\/en\/boat\/nautilus\/","title":{"rendered":"Nautilus"},"content":{"rendered":"<p data-start=\"254\" data-end=\"706\">Disfruta de Moraira, J\u00e1vea y Calpe, con este barco\u00a0 ideal para quienes cuentan con licencia de navegaci\u00f3n. Con capacidad para <strong data-start=\"446\" data-end=\"460\">8 personas<\/strong>, el <em data-start=\"465\" data-end=\"484\">Trident 630 Sport<\/em> ofrece mayor amplitud y potencia para una experiencia m\u00e1s completa. Equipado con sol\u00e1rium, toldo bimini, altavoces bluetooth, nevera con hielo y mucho m\u00e1s.<\/p>\n<p data-start=\"708\" data-end=\"826\"><strong data-start=\"708\" data-end=\"736\">Cancellation Policy<\/strong><br data-start=\"736\" data-end=\"739\" \/>Cancelaciones realizadas con menos de 48 horas de antelaci\u00f3n <strong data-start=\"800\" data-end=\"825\">no ser\u00e1n reembolsadas<\/strong>.<\/p>\n<p data-start=\"828\" data-end=\"1013\"><strong data-start=\"828\" data-end=\"843\">Importante:<\/strong><br data-start=\"843\" data-end=\"846\" \/>Se ruega <strong data-start=\"855\" data-end=\"870\">puntualidad<\/strong>. Acudir al punto de encuentro <strong data-start=\"901\" data-end=\"930\">al menos 15 minutos antes<\/strong>.<\/p>\n<p data-start=\"828\" data-end=\"1013\"><strong data-start=\"934\" data-end=\"945\">Fianza:<\/strong> Se requiere un dep\u00f3sito de <strong data-start=\"973\" data-end=\"982\">450\u202f\u20ac<\/strong>, reembolsable si no hay da\u00f1os.<\/p>\n<h3 data-start=\"828\" data-end=\"1013\"><strong>Combustible: No incluido.<\/strong><\/h3>","protected":false},"excerpt":{"rendered":"<p><strong>Tarifa:<\/strong><\/p>\n<p>Pre-reserva: 90\u20ac<\/p>\n<p>9:30h-13:30h:\u00a0 \u00a0 380\u20ac<\/p>\n<p>15:30h-19:30h:\u00a0 \u00a0380\u20ac<\/p>\n<p>Para d\u00edas completos contactar 9:30h-18:00h : 650\u20ac<\/p>\n<p>COMBUSTIBLE NO INCLUIDO.<\/p>\n<p>Recuerda: LA RESERVA NO SERA EFECTIVA HASTA\u00a0 QUE SE REALICE EL PAGO.<\/p>","protected":false},"featured_media":269740,"comment_status":"closed","ping_status":"closed","template":"","meta":[],"product_brand":[],"product_cat":[47],"product_tag":[],"class_list":{"0":"post-269377","1":"product","2":"type-product","3":"status-publish","4":"has-post-thumbnail","6":"product_cat-alquiler-con-licencia","8":"first","9":"instock","10":"shipping-taxable","11":"purchasable","12":"product-type-phive_booking"},"_links":{"self":[{"href":"https:\/\/morairaboatsadventures.com\/en\/wp-json\/wp\/v2\/product\/269377","targetHints":{"allow":["GET"]}}],"collection":[{"href":"https:\/\/morairaboatsadventures.com\/en\/wp-json\/wp\/v2\/product"}],"about":[{"href":"https:\/\/morairaboatsadventures.com\/en\/wp-json\/wp\/v2\/types\/product"}],"replies":[{"embeddable":true,"href":"https:\/\/morairaboatsadventures.com\/en\/wp-json\/wp\/v2\/comments?post=269377"}],"wp:featuredmedia":[{"embeddable":true,"href":"https:\/\/morairaboatsadventures.com\/en\/wp-json\/wp\/v2\/media\/269740"}],"wp:attachment":[{"href":"https:\/\/morairaboatsadventures.com\/en\/wp-json\/wp\/v2\/media?parent=269377"}],"wp:term":[{"taxonomy":"product_brand","embeddable":true,"href":"https:\/\/morairaboatsadventures.com\/en\/wp-json\/wp\/v2\/product_brand?post=269377"},{"taxonomy":"product_cat","embeddable":true,"href":"https:\/\/morairaboatsadventures.com\/en\/wp-json\/wp\/v2\/product_cat?post=269377"},{"taxonomy":"product_tag","embeddable":true,"href":"https:\/\/morairaboatsadventures.com\/en\/wp-json\/wp\/v2\/product_tag?post=269377"}],"curies":[{"name":"wp","href":"https:\/\/api.w.org\/{rel}","templated":true}]}}