{"id":284445,"date":"2025-06-05T11:44:43","date_gmt":"2025-06-05T09:44:43","guid":{"rendered":"https:\/\/morairaboatsadventures.com\/?post_type=product&#038;p=284445"},"modified":"2025-06-05T12:30:48","modified_gmt":"2025-06-05T10:30:48","slug":"surubi","status":"publish","type":"product","link":"https:\/\/morairaboatsadventures.com\/en\/boat\/surubi\/","title":{"rendered":"Surub\u00ed"},"content":{"rendered":"<div class=\"et_pb_module et_pb_text et_pb_text_5_tb_body et_pb_text_align_left et_pb_bg_layout_light et_had_animation\">\n<div class=\"et_pb_text_inner\">\n<div class=\"woocommerce et-dynamic-content-woo et-dynamic-content-woo--product_description\">\n<h2>Velero &#8211; Surub\u00ed.<\/h2>\n<div>Es un Beneteau First 27.7 habilitado para llevar un m\u00e1ximo de 6 pasajeros.\u00a0Salidas de 10:30 a 14:30 y de 16:30 a 20:30.<\/div>\n<div>Precio: salida de\u00a04 horas en velero de 8,3 metros de eslora y 3m de manga: dos camarotes, sal\u00f3n, ba\u00f1o y ducha\u00a0\u00a0&#8211;\u00a0<b>399\u20ac<\/b><\/div>\n<div>Incluye velero, patr\u00f3n, seguros y gasolina.<\/div>\n<div>Comida y bebida no est\u00e1 incluido, pueden traer su propia comida y bebida.<\/div>\n<p data-start=\"1859\" data-end=\"1975\"><strong data-start=\"1859\" data-end=\"1887\">Cancellation Policy<\/strong><br data-start=\"1887\" data-end=\"1890\" \/>Las reservas canceladas con menos de 48 horas de antelaci\u00f3n <strong data-start=\"1950\" data-end=\"1974\">no son reembolsables<\/strong>.<\/p>\n<p data-start=\"1977\" data-end=\"2195\"><strong data-start=\"1977\" data-end=\"1992\">Importante:<\/strong><br data-start=\"1992\" data-end=\"1995\" \/>Se ruega <strong data-start=\"2004\" data-end=\"2019\">puntualidad<\/strong>. Es necesario acudir <strong data-start=\"2041\" data-end=\"2061\">15 minutos antes<\/strong> al lugar de salida.<\/p>\n<p data-start=\"1977\" data-end=\"2195\"><strong data-start=\"2084\" data-end=\"2095\">Fianza:<\/strong> Se solicita una fianza de <strong data-start=\"2122\" data-end=\"2131\">300\u202f\u20ac<\/strong>, que ser\u00e1 reembolsada al finalizar el alquiler si no hay da\u00f1os.<\/p>\n<p data-start=\"2197\" data-end=\"2281\"><strong data-start=\"2197\" data-end=\"2281\">\u00a1Reserva ahora y vive una experiencia n\u00e1utica superior!<\/strong><\/p>\n<h2 data-start=\"2197\" data-end=\"2281\"><strong data-start=\"2197\" data-end=\"2281\">Si est\u00e1s interesado en reservar, utiliza el formulario al final de la p\u00e1gina para decirnos en qu\u00e9 fecha est\u00e1s interesado<\/strong><\/h2>\n<\/div>\n<p>&nbsp;<\/p>\n<\/div>\n<\/div>","protected":false},"excerpt":{"rendered":"<p><strong>Tarifa:<\/strong><\/p>\n<p>Pre-reserva:<br \/>\n90\u20ac<\/p>\n<p>10:00h-14:00h:\u00a0 \u00a0 650\u20ac<\/p>\n<p>15:00h-19:00h:\u00a0 \u00a0650\u20ac<\/p>\n<p>Para d\u00edas completos contactar 10:00h-18:00h : 1100\u20ac<\/p>\n<p>Recuerda: <span style=\"color: #ff0000;\">LA RESERVA NO SERA EFECTIVA HASTA\u00a0 QUE SE REALICE EL PAGO.<\/span><\/p>\n<p>&nbsp;<\/p>","protected":false},"featured_media":284453,"comment_status":"closed","ping_status":"closed","template":"","meta":[],"product_brand":[],"product_cat":[241],"product_tag":[],"class_list":{"0":"post-284445","1":"product","2":"type-product","3":"status-publish","4":"has-post-thumbnail","6":"product_cat-alquiler-de-velero","8":"first","9":"onbackorder","10":"shipping-taxable","11":"product-type-simple"},"_links":{"self":[{"href":"https:\/\/morairaboatsadventures.com\/en\/wp-json\/wp\/v2\/product\/284445","targetHints":{"allow":["GET"]}}],"collection":[{"href":"https:\/\/morairaboatsadventures.com\/en\/wp-json\/wp\/v2\/product"}],"about":[{"href":"https:\/\/morairaboatsadventures.com\/en\/wp-json\/wp\/v2\/types\/product"}],"replies":[{"embeddable":true,"href":"https:\/\/morairaboatsadventures.com\/en\/wp-json\/wp\/v2\/comments?post=284445"}],"wp:featuredmedia":[{"embeddable":true,"href":"https:\/\/morairaboatsadventures.com\/en\/wp-json\/wp\/v2\/media\/284453"}],"wp:attachment":[{"href":"https:\/\/morairaboatsadventures.com\/en\/wp-json\/wp\/v2\/media?parent=284445"}],"wp:term":[{"taxonomy":"product_brand","embeddable":true,"href":"https:\/\/morairaboatsadventures.com\/en\/wp-json\/wp\/v2\/product_brand?post=284445"},{"taxonomy":"product_cat","embeddable":true,"href":"https:\/\/morairaboatsadventures.com\/en\/wp-json\/wp\/v2\/product_cat?post=284445"},{"taxonomy":"product_tag","embeddable":true,"href":"https:\/\/morairaboatsadventures.com\/en\/wp-json\/wp\/v2\/product_tag?post=284445"}],"curies":[{"name":"wp","href":"https:\/\/api.w.org\/{rel}","templated":true}]}}